{"id":2995,"date":"2018-04-17T11:38:16","date_gmt":"2018-04-17T09:38:16","guid":{"rendered":"https:\/\/walo.it\/unternehmen\/"},"modified":"2018-05-09T11:32:26","modified_gmt":"2018-05-09T09:32:26","slug":"unternehmen","status":"publish","type":"page","link":"https:\/\/walo.it\/de\/unternehmen\/","title":{"rendered":"Unternehmen"},"content":{"rendered":"[vc_row type=&#8220;in_container&#8220; full_screen_row_position=&#8220;middle&#8220; scene_position=&#8220;center&#8220; text_color=&#8220;dark&#8220; text_align=&#8220;left&#8220; overlay_strength=&#8220;0.3&#8243; shape_divider_position=&#8220;bottom&#8220;][vc_column column_padding=&#8220;no-extra-padding&#8220; column_padding_position=&#8220;all&#8220; background_color_opacity=&#8220;1&#8243; background_hover_color_opacity=&#8220;1&#8243; column_shadow=&#8220;none&#8220; column_border_radius=&#8220;none&#8220; width=&#8220;1\/1&#8243; tablet_text_alignment=&#8220;default&#8220; phone_text_alignment=&#8220;default&#8220; column_border_width=&#8220;none&#8220; column_border_style=&#8220;solid&#8220;][vc_column_text]<strong>Walo Professional<\/strong> ist ein Unternehmen, das sich auf die Herstellung und Vermarktung von <strong>professionellen Geschirrsp\u00fclern<\/strong> und <strong>Wasserbehandlungssystemen<\/strong> spezialisiert hat.<br \/>\nDas gesamte Walo-Sortiment zeichnet sich durch den Einsatz modernster L\u00f6sungen und Technologien aus, wodurch das Unternehmen zu den f\u00fchrenden Anbietern in Bezug auf <strong>Innovation<\/strong> und <strong>Energieeinsparung<\/strong> z\u00e4hlt. Der Erfolg und die erhaltene Anerkennung vom Markt, hat Walo dazu bewogen in die Herstellung von Systemen zur Wasserbehandlung zu investieren, die der gleichen Logik der Zuverl\u00e4ssigkeit, Kraftstoffeffizienz und hohen Leistung entsprechen.<\/p>\n<p>So entstand eine ganze Reihe von Produkten und Technologien, wie der Umkehrosmose, Wasserenth\u00e4rtern, Entkarbonisatoren, Enteisungsmitteln, Filtern usw.Sofort konnte Walo, die sich eine internationale Handelsstruktur zunutze machte, den ausl\u00e4ndischen, zus\u00e4tzlich zum nationalen, Markt gewinnen, der sich mit den wichtigsten Welth\u00e4ndlern besch\u00e4ftigte. Die Industrialisierung der Produkte und die sorgf\u00e4ltige Kontrolle der Prozesse erm\u00f6glichen es Walo hohe Qualit\u00e4tsstandards und sofortige Reaktionszeiten in den Pre- und Post-Sales zu garantieren.<\/p>\n<p>Walo Professional nutzt auch ein echtes Forschungs- und Entwicklungslabor, in dem Konstrukteuren und Techniker mit immer fortschrittlicheren L\u00f6sungen vergleichen und experimentieren k\u00f6nnen.<\/p>\n<p>Die Realit\u00e4t mit Hauptsitz und nationaler Produktion basiert auf den besten Qualit\u00e4tsstandards Made in Italy.<\/p>\n<p><strong>Walo Professional: Innovation und Technologie im Dienste des Kunden.<\/strong>[\/vc_column_text][\/vc_column][\/vc_row]\n","protected":false},"excerpt":{"rendered":"<p>[vc_row type=&#8220;in_container&#8220; full_screen_row_position=&#8220;middle&#8220; scene_position=&#8220;center&#8220; text_color=&#8220;dark&#8220; text_align=&#8220;left&#8220; overlay_strength=&#8220;0.3&#8243; shape_divider_position=&#8220;bottom&#8220;][vc_column column_padding=&#8220;no-extra-padding&#8220; column_padding_position=&#8220;all&#8220; background_color_opacity=&#8220;1&#8243; background_hover_color_opacity=&#8220;1&#8243; column_shadow=&#8220;none&#8220; column_border_radius=&#8220;none&#8220; width=&#8220;1\/1&#8243; tablet_text_alignment=&#8220;default&#8220; phone_text_alignment=&#8220;default&#8220; column_border_width=&#8220;none&#8220; column_border_style=&#8220;solid&#8220;][vc_column_text]Walo Professional ist ein Unternehmen, das sich auf die Herstellung und Vermarktung&#8230;<\/p>\n","protected":false},"author":1,"featured_media":0,"parent":0,"menu_order":0,"comment_status":"open","ping_status":"open","template":"","meta":{"footnotes":""},"class_list":["post-2995","page","type-page","status-publish"],"_links":{"self":[{"href":"https:\/\/walo.it\/de\/wp-json\/wp\/v2\/pages\/2995","targetHints":{"allow":["GET"]}}],"collection":[{"href":"https:\/\/walo.it\/de\/wp-json\/wp\/v2\/pages"}],"about":[{"href":"https:\/\/walo.it\/de\/wp-json\/wp\/v2\/types\/page"}],"author":[{"embeddable":true,"href":"https:\/\/walo.it\/de\/wp-json\/wp\/v2\/users\/1"}],"replies":[{"embeddable":true,"href":"https:\/\/walo.it\/de\/wp-json\/wp\/v2\/comments?post=2995"}],"version-history":[{"count":0,"href":"https:\/\/walo.it\/de\/wp-json\/wp\/v2\/pages\/2995\/revisions"}],"wp:attachment":[{"href":"https:\/\/walo.it\/de\/wp-json\/wp\/v2\/media?parent=2995"}],"curies":[{"name":"wp","href":"https:\/\/api.w.org\/{rel}","templated":true}]}}