{"id":896,"date":"2018-03-08T10:41:07","date_gmt":"2018-02-19T07:40:42","guid":{"rendered":"https:\/\/walo.it\/index.php\/prodotto\/c300p\/"},"modified":"2019-03-27T16:13:49","modified_gmt":"2019-03-27T15:13:49","slug":"c300p","status":"publish","type":"product","link":"https:\/\/walo.it\/de\/prodotti\/trattamento-acqua-de\/umkehrosmose\/c300p\/","title":{"rendered":"C300P"},"content":{"rendered":"<p>Erzeugung von 300 l\/h, 1 Expansionsgef\u00e4\u00df von 12 l mit 5 Bar; besteht aus drei gut abgetrennten Technikr\u00e4umen (hydraulischer Funktionsraum, vorderer Inspektionsraum, Bedienblende und<br \/>\nelektrische Bauteile), von vorn herausziehbare Membrane mit Edelstahlbeh\u00e4lter, einschlie\u00dflich Aktivkohlenfilter, Bypass-Taste f\u00fcr Zufuhr von Leitungswasser, Mischarmatur.<\/p>\n","protected":false},"excerpt":{"rendered":"<p>Erzeugung von 300 l\/h, 1 Expansionsgef\u00e4\u00df von 12 l mit 5 Bar; besteht aus drei gut abgetrennten Technikr\u00e4umen (hydraulischer Funktionsraum, vorderer Inspektionsraum, Bedienblende und elektrische Bauteile), von vorn herausziehbare Membrane&#8230;<\/p>\n","protected":false},"featured_media":6095,"template":"","meta":[],"class_list":{"0":"post-896","1":"product","2":"type-product","3":"status-publish","4":"has-post-thumbnail","6":"product_cat-trattamento-acqua-de","7":"product_cat-umkehrosmose","8":"product_cat-colibri-de","10":"first","11":"instock","12":"product-type-simple"},"_links":{"self":[{"href":"https:\/\/walo.it\/de\/wp-json\/wp\/v2\/product\/896","targetHints":{"allow":["GET"]}}],"collection":[{"href":"https:\/\/walo.it\/de\/wp-json\/wp\/v2\/product"}],"about":[{"href":"https:\/\/walo.it\/de\/wp-json\/wp\/v2\/types\/product"}],"wp:featuredmedia":[{"embeddable":true,"href":"https:\/\/walo.it\/de\/wp-json\/wp\/v2\/media\/6095"}],"wp:attachment":[{"href":"https:\/\/walo.it\/de\/wp-json\/wp\/v2\/media?parent=896"}],"curies":[{"name":"wp","href":"https:\/\/api.w.org\/{rel}","templated":true}]}}