{"id":899,"date":"2018-03-08T10:41:07","date_gmt":"2018-02-19T07:40:42","guid":{"rendered":"https:\/\/walo.it\/index.php\/prodotto\/c150a\/"},"modified":"2019-03-27T15:53:00","modified_gmt":"2019-03-27T14:53:00","slug":"c150a","status":"publish","type":"product","link":"https:\/\/walo.it\/de\/prodotti\/trattamento-acqua-de\/umkehrosmose\/c150a\/","title":{"rendered":"C150A"},"content":{"rendered":"<p>Erzeugung von 150 l\/h, besteht aus drei gut abgetrennten Technikr\u00e4umen (hydraulischer Funktionsraum, vorderer Inspektionsraum, Bedienblende und elektrische Bauteile), von vorn<br \/>\nherausziehbare Membrane mit Edelstahlbeh\u00e4lter, einschlie\u00dflich Aktivkohlenfilter, Bypass-Taste f\u00fcr Zufuhr von Leitungswasser, Mischarmatur.<\/p>\n","protected":false},"excerpt":{"rendered":"<p>Erzeugung von 150 l\/h, besteht aus drei gut abgetrennten Technikr\u00e4umen (hydraulischer Funktionsraum, vorderer Inspektionsraum, Bedienblende und elektrische Bauteile), von vorn herausziehbare Membrane mit Edelstahlbeh\u00e4lter, einschlie\u00dflich Aktivkohlenfilter, Bypass-Taste f\u00fcr Zufuhr von&#8230;<\/p>\n","protected":false},"featured_media":6081,"template":"","meta":[],"class_list":{"0":"post-899","1":"product","2":"type-product","3":"status-publish","4":"has-post-thumbnail","6":"product_cat-trattamento-acqua-de","7":"product_cat-umkehrosmose","8":"product_cat-colibri-de","10":"first","11":"instock","12":"product-type-simple"},"_links":{"self":[{"href":"https:\/\/walo.it\/de\/wp-json\/wp\/v2\/product\/899","targetHints":{"allow":["GET"]}}],"collection":[{"href":"https:\/\/walo.it\/de\/wp-json\/wp\/v2\/product"}],"about":[{"href":"https:\/\/walo.it\/de\/wp-json\/wp\/v2\/types\/product"}],"wp:featuredmedia":[{"embeddable":true,"href":"https:\/\/walo.it\/de\/wp-json\/wp\/v2\/media\/6081"}],"wp:attachment":[{"href":"https:\/\/walo.it\/de\/wp-json\/wp\/v2\/media?parent=899"}],"curies":[{"name":"wp","href":"https:\/\/api.w.org\/{rel}","templated":true}]}}