{"id":1500,"date":"2018-04-06T13:02:30","date_gmt":"2018-04-06T11:02:30","guid":{"rendered":"https:\/\/walo.it\/azienda\/"},"modified":"2018-04-19T10:35:08","modified_gmt":"2018-04-19T08:35:08","slug":"azienda","status":"publish","type":"page","link":"https:\/\/walo.it\/es\/azienda\/","title":{"rendered":"Empresa"},"content":{"rendered":"[vc_row type=\u00bbin_container\u00bb full_screen_row_position=\u00bbmiddle\u00bb scene_position=\u00bbcenter\u00bb text_color=\u00bbdark\u00bb text_align=\u00bbleft\u00bb overlay_strength=\u00bb0.3&#8243; shape_divider_position=\u00bbbottom\u00bb][vc_column column_padding=\u00bbno-extra-padding\u00bb column_padding_position=\u00bball\u00bb background_color_opacity=\u00bb1&#8243; background_hover_color_opacity=\u00bb1&#8243; column_shadow=\u00bbnone\u00bb column_border_radius=\u00bbnone\u00bb width=\u00bb1\/1&#8243; tablet_text_alignment=\u00bbdefault\u00bb phone_text_alignment=\u00bbdefault\u00bb column_border_width=\u00bbnone\u00bb column_border_style=\u00bbsolid\u00bb][vc_column_text]<strong>Walo Professional<\/strong> es una empresa especializada en la producci\u00f3n y comercializaci\u00f3n de <strong>lavavajillas profesionale<\/strong>s y <strong>sistemas de tratamiento de agua<\/strong>.<br \/>\nToda la gama Walo se caracteriza por el uso de soluciones y tecnolog\u00edas de vanguardia que permiten a la empresa ser una de las empresas l\u00edderes en <strong>innovaci\u00f3n y ahorro energ\u00e9tico<\/strong>. El \u00e9xito y reconocimiento recibido del mercado ha llevado a Walo a invertir paralelamente en la producci\u00f3n de sistemas dedicados al tratamiento del agua, que respetan la misma l\u00f3gica de fiabilidad, eficiencia en el consumo y alto rendimiento. Se ha desarrollado toda una gama de productos y tecnolog\u00edas que incluyen \u00f3smosis inversa, descalcificadores, descarbonizador, filtros, etc.<\/p>\n<p>Desde el principio, gracias a una estructura comercial internacional, Walo ha sido capaz de llegar tanto al mercado nacional como al extranjero, atendiendo a los principales distribuidores mundiales. La industrializaci\u00f3n de los productos y el meticuloso control del proceso permiten a Walo garantizar altos est\u00e1ndares de calidad en pre y post venta, con tiempos de respuesta inmediatos.<\/p>\n<p>Walo Professional dispone de un verdadero laboratorio de investigaci\u00f3n y desarrollo, en el que dise\u00f1adores y t\u00e9cnicos pueden enfrentarse y experimentar con soluciones cada vez m\u00e1s avanzadas.<\/p>\n<p>Con sede y producci\u00f3n nacional, se fundamenta en los mejores est\u00e1ndares de calidad del Made in Italy.<\/p>\n<p><strong>Walo Professional: innovaci\u00f3n y tecnolog\u00eda para el servicio al cliente.<\/strong>[\/vc_column_text][\/vc_column][\/vc_row]\n","protected":false},"excerpt":{"rendered":"<p>[vc_row type=\u00bbin_container\u00bb full_screen_row_position=\u00bbmiddle\u00bb scene_position=\u00bbcenter\u00bb text_color=\u00bbdark\u00bb text_align=\u00bbleft\u00bb overlay_strength=\u00bb0.3&#8243; shape_divider_position=\u00bbbottom\u00bb][vc_column column_padding=\u00bbno-extra-padding\u00bb column_padding_position=\u00bball\u00bb background_color_opacity=\u00bb1&#8243; background_hover_color_opacity=\u00bb1&#8243; column_shadow=\u00bbnone\u00bb column_border_radius=\u00bbnone\u00bb width=\u00bb1\/1&#8243; tablet_text_alignment=\u00bbdefault\u00bb phone_text_alignment=\u00bbdefault\u00bb column_border_width=\u00bbnone\u00bb column_border_style=\u00bbsolid\u00bb][vc_column_text]Walo Professional es una empresa especializada en la producci\u00f3n y comercializaci\u00f3n de&#8230;<\/p>\n","protected":false},"author":1,"featured_media":0,"parent":0,"menu_order":0,"comment_status":"open","ping_status":"open","template":"","meta":{"footnotes":""},"class_list":["post-1500","page","type-page","status-publish"],"_links":{"self":[{"href":"https:\/\/walo.it\/es\/wp-json\/wp\/v2\/pages\/1500","targetHints":{"allow":["GET"]}}],"collection":[{"href":"https:\/\/walo.it\/es\/wp-json\/wp\/v2\/pages"}],"about":[{"href":"https:\/\/walo.it\/es\/wp-json\/wp\/v2\/types\/page"}],"author":[{"embeddable":true,"href":"https:\/\/walo.it\/es\/wp-json\/wp\/v2\/users\/1"}],"replies":[{"embeddable":true,"href":"https:\/\/walo.it\/es\/wp-json\/wp\/v2\/comments?post=1500"}],"version-history":[{"count":0,"href":"https:\/\/walo.it\/es\/wp-json\/wp\/v2\/pages\/1500\/revisions"}],"wp:attachment":[{"href":"https:\/\/walo.it\/es\/wp-json\/wp\/v2\/media?parent=1500"}],"curies":[{"name":"wp","href":"https:\/\/api.w.org\/{rel}","templated":true}]}}