{"id":1603,"date":"2018-04-10T10:25:35","date_gmt":"2018-04-10T08:25:35","guid":{"rendered":"https:\/\/walo.it\/profilo\/"},"modified":"2018-04-10T10:25:35","modified_gmt":"2018-04-10T08:25:35","slug":"profilo","status":"publish","type":"page","link":"https:\/\/walo.it\/es\/profilo\/","title":{"rendered":"Profilo"},"content":{"rendered":"Acceder\n<div class=\"login\" id=\"theme-my-login1\">\r\n\t\t\t<form name=\"loginform\" id=\"loginform1\" action=\"https:\/\/walo.it\/login\/\" method=\"post\">\r\n\t\t<p>\r\n\t\t\t<label for=\"user_login1\">Nombre de usuario<\/label>\r\n\t\t\t<input type=\"text\" name=\"log\" id=\"user_login1\" class=\"input\" value=\"\" size=\"20\" \/>\r\n\t\t<\/p>\r\n\t\t<p>\r\n\t\t\t<label for=\"user_pass1\">Contrase\u00f1a<\/label>\r\n\t\t\t<input type=\"password\" name=\"pwd\" id=\"user_pass1\" class=\"input\" value=\"\" size=\"20\" autocomplete=\"off\" \/>\r\n\t\t<\/p>\r\n\r\n\t\t\r\n\t\t<p class=\"forgetmenot\">\r\n\t\t\t<input name=\"rememberme\" type=\"checkbox\" id=\"rememberme1\" value=\"forever\" \/>\r\n\t\t\t<label for=\"rememberme1\">Recu\u00e9rdame<\/label>\r\n\t\t<\/p>\r\n\t\t<p class=\"submit\">\r\n\t\t\t<input type=\"submit\" name=\"wp-submit\" id=\"wp-submit1\" value=\"Acceder\" \/>\r\n\t\t\t<input type=\"hidden\" name=\"redirect_to\" value=\"https:\/\/walo.it\/es\/login\/\" \/>\r\n\t\t\t<input type=\"hidden\" name=\"instance\" value=\"1\" \/>\r\n\t\t\t<input type=\"hidden\" name=\"action\" value=\"login\" \/>\r\n\t\t<\/p>\r\n\t<\/form>\r\n\t<ul class=\"tml-action-links\">\n<li><a href=\"https:\/\/walo.it\/es\/registrazione\/\" rel=\"nofollow\">Registro<\/a><\/li>\n<li><a href=\"https:\/\/walo.it\/es\/lostpassword\/\" rel=\"nofollow\">Contrase\u00f1a perdida<\/a><\/li>\n<\/ul>\n<\/div>\r\n\n\n","protected":false},"excerpt":{"rendered":"Acceder Nombre de usuario Contrase\u00f1a Recu\u00e9rdame Registro Contrase\u00f1a perdida","protected":false},"author":1,"featured_media":0,"parent":0,"menu_order":0,"comment_status":"closed","ping_status":"closed","template":"","meta":{"footnotes":""},"class_list":["post-1603","page","type-page","status-publish"],"_links":{"self":[{"href":"https:\/\/walo.it\/es\/wp-json\/wp\/v2\/pages\/1603","targetHints":{"allow":["GET"]}}],"collection":[{"href":"https:\/\/walo.it\/es\/wp-json\/wp\/v2\/pages"}],"about":[{"href":"https:\/\/walo.it\/es\/wp-json\/wp\/v2\/types\/page"}],"author":[{"embeddable":true,"href":"https:\/\/walo.it\/es\/wp-json\/wp\/v2\/users\/1"}],"replies":[{"embeddable":true,"href":"https:\/\/walo.it\/es\/wp-json\/wp\/v2\/comments?post=1603"}],"version-history":[{"count":0,"href":"https:\/\/walo.it\/es\/wp-json\/wp\/v2\/pages\/1603\/revisions"}],"wp:attachment":[{"href":"https:\/\/walo.it\/es\/wp-json\/wp\/v2\/media?parent=1603"}],"curies":[{"name":"wp","href":"https:\/\/api.w.org\/{rel}","templated":true}]}}