{"id":994,"date":"2018-03-08T10:41:07","date_gmt":"2018-02-19T07:45:19","guid":{"rendered":"https:\/\/walo.it\/index.php\/prodotto\/c300p\/"},"modified":"2019-03-27T16:15:02","modified_gmt":"2019-03-27T15:15:02","slug":"c300p","status":"publish","type":"product","link":"https:\/\/walo.it\/es\/prodotti\/tratamiento-del-agua\/osmosis-inversa\/c300p\/","title":{"rendered":"C300P"},"content":{"rendered":"<p>Producci\u00f3n de 300 l\/h, 1 vaso de expansi\u00f3n de 12 litros a 5 bar, se compone de 3 apartados t\u00e9cnicos distintos (funci\u00f3n hidr\u00e1ulica, inspecci\u00f3n frontal, salpicadero y componentes el\u00e9ctricos), membrana extra\u00edble frontalmente con el recipiente de acero inoxidable, filtro de carb\u00f3n activo incluido, bot\u00f3n de by-pass para el servicio con agua de la red, grifo mezclador.<\/p>\n","protected":false},"excerpt":{"rendered":"<p>Producci\u00f3n de 300 l\/h, 1 vaso de expansi\u00f3n de 12 litros a 5 bar, se compone de 3 apartados t\u00e9cnicos distintos (funci\u00f3n hidr\u00e1ulica, inspecci\u00f3n frontal, salpicadero y componentes el\u00e9ctricos), membrana&#8230;<\/p>\n","protected":false},"featured_media":6097,"template":"","meta":[],"class_list":{"0":"post-994","1":"product","2":"type-product","3":"status-publish","4":"has-post-thumbnail","6":"product_cat-tratamiento-del-agua","7":"product_cat-osmosis-inversa","8":"product_cat-colibri-osmosis-inversa","10":"first","11":"instock","12":"product-type-simple"},"_links":{"self":[{"href":"https:\/\/walo.it\/es\/wp-json\/wp\/v2\/product\/994","targetHints":{"allow":["GET"]}}],"collection":[{"href":"https:\/\/walo.it\/es\/wp-json\/wp\/v2\/product"}],"about":[{"href":"https:\/\/walo.it\/es\/wp-json\/wp\/v2\/types\/product"}],"wp:featuredmedia":[{"embeddable":true,"href":"https:\/\/walo.it\/es\/wp-json\/wp\/v2\/media\/6097"}],"wp:attachment":[{"href":"https:\/\/walo.it\/es\/wp-json\/wp\/v2\/media?parent=994"}],"curies":[{"name":"wp","href":"https:\/\/api.w.org\/{rel}","templated":true}]}}