{"id":1498,"date":"2018-04-06T13:02:21","date_gmt":"2018-04-06T11:02:21","guid":{"rendered":"https:\/\/walo.it\/azienda\/"},"modified":"2018-04-19T10:31:32","modified_gmt":"2018-04-19T08:31:32","slug":"azienda","status":"publish","type":"page","link":"https:\/\/walo.it\/fr\/azienda\/","title":{"rendered":"Soci\u00e9t\u00e9"},"content":{"rendered":"[vc_row type=\u00a0\u00bbin_container\u00a0\u00bb full_screen_row_position=\u00a0\u00bbmiddle\u00a0\u00bb scene_position=\u00a0\u00bbcenter\u00a0\u00bb text_color=\u00a0\u00bbdark\u00a0\u00bb text_align=\u00a0\u00bbleft\u00a0\u00bb overlay_strength=\u00a0\u00bb0.3&Prime; shape_divider_position=\u00a0\u00bbbottom\u00a0\u00bb][vc_column column_padding=\u00a0\u00bbno-extra-padding\u00a0\u00bb column_padding_position=\u00a0\u00bball\u00a0\u00bb background_color_opacity=\u00a0\u00bb1&Prime; background_hover_color_opacity=\u00a0\u00bb1&Prime; column_shadow=\u00a0\u00bbnone\u00a0\u00bb column_border_radius=\u00a0\u00bbnone\u00a0\u00bb width=\u00a0\u00bb1\/1&Prime; tablet_text_alignment=\u00a0\u00bbdefault\u00a0\u00bb phone_text_alignment=\u00a0\u00bbdefault\u00a0\u00bb column_border_width=\u00a0\u00bbnone\u00a0\u00bb column_border_style=\u00a0\u00bbsolid\u00a0\u00bb][vc_column_text]Walo Professional est une entreprise sp\u00e9cialis\u00e9e dans la production et commercialisation <strong>des lave-vaisselles professionnelles et des syst\u00e8mes de traitement de l\u2019eau<\/strong>.<br \/>\nToute la gamme Walo est caract\u00e9ris\u00e9e par l\u2019emploi de solutions et technologies \u00e0 l\u2019avant-garde qui lui permettent de se positionner aux premi\u00e8res places en <strong>innovation et \u00e9conomies d\u2019\u00e9nergie<\/strong>. Le succ\u00e8s et l\u2019appr\u00e9ciation re\u00e7us par le march\u00e9 ont pouss\u00e9 Walo \u00e0 investir parall\u00e8lement dans la production des syst\u00e8mes de traitement de l\u2019eau, qui respectent les m\u00eames logiques de fiabilit\u00e9, basse consommation et hautes performances. De cette fa\u00e7on est n\u00e9e une gamme enti\u00e8re des produits et technologies, y compris l\u2019osmose invers\u00e9e, adoucisseurs, d\u00e9carbonateurs, syst\u00e8mes de d\u00e9ferrisation, filtres, etc.<\/p>\n<p>D\u00e8s le d\u00e9but WALO, s\u2019appuyant sur une structure commerciale internationale, a pu faire son chemin dans le march\u00e9 national et international, n\u00e9gociant avec les principaux revendeurs. L\u2019industrialisation des produits et le minutieux contr\u00f4le des processus permettent \u00e0 Walo d\u2019assurer hauts standards qualitatifs dans l\u2019avant et apr\u00e8s-vente, avec d\u00e9lais de r\u00e9ponse imm\u00e9diats.<\/p>\n<p>Walo Professional s\u2019appuie aussi sur un laboratoire de recherche et d\u00e9veloppement, dans lequel designers et techniciens peuvent se confronter et exp\u00e9rimenter solutions de plus en plus \u00e0 l\u2019avant-garde.<\/p>\n<p>Une r\u00e9alit\u00e9 ayant sa si\u00e8ge et production nationale, elle se fonde sur le meilleurs standards qualitatifs du Made in Italy.<\/p>\n<p><strong>Walo Professional: innovation et technologie au service du client.<\/strong>[\/vc_column_text][\/vc_column][\/vc_row]\n","protected":false},"excerpt":{"rendered":"<p>[vc_row type=\u00a0\u00bbin_container\u00a0\u00bb full_screen_row_position=\u00a0\u00bbmiddle\u00a0\u00bb scene_position=\u00a0\u00bbcenter\u00a0\u00bb text_color=\u00a0\u00bbdark\u00a0\u00bb text_align=\u00a0\u00bbleft\u00a0\u00bb overlay_strength=\u00a0\u00bb0.3&Prime; shape_divider_position=\u00a0\u00bbbottom\u00a0\u00bb][vc_column column_padding=\u00a0\u00bbno-extra-padding\u00a0\u00bb column_padding_position=\u00a0\u00bball\u00a0\u00bb background_color_opacity=\u00a0\u00bb1&Prime; background_hover_color_opacity=\u00a0\u00bb1&Prime; column_shadow=\u00a0\u00bbnone\u00a0\u00bb column_border_radius=\u00a0\u00bbnone\u00a0\u00bb width=\u00a0\u00bb1\/1&Prime; tablet_text_alignment=\u00a0\u00bbdefault\u00a0\u00bb phone_text_alignment=\u00a0\u00bbdefault\u00a0\u00bb column_border_width=\u00a0\u00bbnone\u00a0\u00bb column_border_style=\u00a0\u00bbsolid\u00a0\u00bb][vc_column_text]Walo Professional est une entreprise sp\u00e9cialis\u00e9e dans la production et commercialisation des&#8230;<\/p>\n","protected":false},"author":1,"featured_media":0,"parent":0,"menu_order":0,"comment_status":"open","ping_status":"open","template":"","meta":{"footnotes":""},"class_list":["post-1498","page","type-page","status-publish"],"_links":{"self":[{"href":"https:\/\/walo.it\/fr\/wp-json\/wp\/v2\/pages\/1498","targetHints":{"allow":["GET"]}}],"collection":[{"href":"https:\/\/walo.it\/fr\/wp-json\/wp\/v2\/pages"}],"about":[{"href":"https:\/\/walo.it\/fr\/wp-json\/wp\/v2\/types\/page"}],"author":[{"embeddable":true,"href":"https:\/\/walo.it\/fr\/wp-json\/wp\/v2\/users\/1"}],"replies":[{"embeddable":true,"href":"https:\/\/walo.it\/fr\/wp-json\/wp\/v2\/comments?post=1498"}],"version-history":[{"count":0,"href":"https:\/\/walo.it\/fr\/wp-json\/wp\/v2\/pages\/1498\/revisions"}],"wp:attachment":[{"href":"https:\/\/walo.it\/fr\/wp-json\/wp\/v2\/media?parent=1498"}],"curies":[{"name":"wp","href":"https:\/\/api.w.org\/{rel}","templated":true}]}}