{"id":784,"date":"2018-03-08T10:38:45","date_gmt":"2018-02-18T14:25:51","guid":{"rendered":"https:\/\/walo.it\/index.php\/prodotto\/l-ba40\/"},"modified":"2025-12-22T14:05:46","modified_gmt":"2025-12-22T13:05:46","slug":"a-40","status":"publish","type":"product","link":"https:\/\/walo.it\/fr\/prodotti\/lavage\/a-40\/","title":{"rendered":"A-40"},"content":{"rendered":"<p>Lave-verres sous-table, 45 casiers\/h, double paroi, cuve et guides emboutis, bras de lavage et de rinc\u0327age inde\u0301pendants en acier inox, surchauffeur atmosphe\u0301rique, air-gap, thermo- stop, syste\u0300me e\u0301lectronique programmable,\u00a0doseur de d\u00e9tergent et de produit de rin\u00e7age, pompe d&rsquo;\u00e9vacuation<\/p>\n","protected":false},"excerpt":{"rendered":"<p>Lave-verres sous-table, 45 casiers\/h, double paroi, cuve et guides emboutis, bras de lavage et de rinc\u0327age inde\u0301pendants en acier inox, surchauffeur atmosphe\u0301rique, air-gap, thermo- stop, syste\u0300me e\u0301lectronique programmable,\u00a0doseur de d\u00e9tergent&#8230;<\/p>\n","protected":false},"featured_media":11738,"template":"","meta":[],"class_list":{"0":"post-784","1":"product","2":"type-product","3":"status-publish","4":"has-post-thumbnail","6":"product_cat-lavage","7":"product_cat-advance-fr","8":"product_cat-lave-verres-luxury","10":"first","11":"instock","12":"product-type-simple"},"_links":{"self":[{"href":"https:\/\/walo.it\/fr\/wp-json\/wp\/v2\/product\/784","targetHints":{"allow":["GET"]}}],"collection":[{"href":"https:\/\/walo.it\/fr\/wp-json\/wp\/v2\/product"}],"about":[{"href":"https:\/\/walo.it\/fr\/wp-json\/wp\/v2\/types\/product"}],"wp:featuredmedia":[{"embeddable":true,"href":"https:\/\/walo.it\/fr\/wp-json\/wp\/v2\/media\/11738"}],"wp:attachment":[{"href":"https:\/\/walo.it\/fr\/wp-json\/wp\/v2\/media?parent=784"}],"curies":[{"name":"wp","href":"https:\/\/api.w.org\/{rel}","templated":true}]}}