{"id":786,"date":"2018-03-08T10:38:45","date_gmt":"2018-02-18T14:25:51","guid":{"rendered":"https:\/\/walo.it\/index.php\/prodotto\/s-kp\/"},"modified":"2025-12-22T13:48:21","modified_gmt":"2025-12-22T12:48:21","slug":"e-kp","status":"publish","type":"product","link":"https:\/\/walo.it\/fr\/prodotti\/lavage\/easy-fr\/lave-vaisselle-a-capot-smart-2\/e-kp\/","title":{"rendered":"E-KP"},"content":{"rendered":"<p>Lave-vaisselle a\u0300 capot, 900 assiettes\/h, paroi simple, cuve emboutis, surchauffeur a\u0300 pression, thermo-stop, commande e\u0301lectronique, doseur de d\u00e9tergent et de produit de rin\u00e7age, pompe d&rsquo;\u00e9vacuation.<\/p>\n","protected":false},"excerpt":{"rendered":"<p>Lave-vaisselle a\u0300 capot, 900 assiettes\/h, paroi simple, cuve emboutis, surchauffeur a\u0300 pression, thermo-stop, commande e\u0301lectronique, doseur de d\u00e9tergent et de produit de rin\u00e7age, pompe d&rsquo;\u00e9vacuation.<\/p>\n","protected":false},"featured_media":11726,"template":"","meta":[],"class_list":{"0":"post-786","1":"product","2":"type-product","3":"status-publish","4":"has-post-thumbnail","6":"product_cat-lavage","7":"product_cat-easy-fr","8":"product_cat-lave-vaisselle-a-capot-smart-2","10":"first","11":"instock","12":"product-type-simple"},"_links":{"self":[{"href":"https:\/\/walo.it\/fr\/wp-json\/wp\/v2\/product\/786","targetHints":{"allow":["GET"]}}],"collection":[{"href":"https:\/\/walo.it\/fr\/wp-json\/wp\/v2\/product"}],"about":[{"href":"https:\/\/walo.it\/fr\/wp-json\/wp\/v2\/types\/product"}],"wp:featuredmedia":[{"embeddable":true,"href":"https:\/\/walo.it\/fr\/wp-json\/wp\/v2\/media\/11726"}],"wp:attachment":[{"href":"https:\/\/walo.it\/fr\/wp-json\/wp\/v2\/media?parent=786"}],"curies":[{"name":"wp","href":"https:\/\/api.w.org\/{rel}","templated":true}]}}