{"id":792,"date":"2018-03-08T10:41:07","date_gmt":"2018-02-18T14:26:20","guid":{"rendered":"https:\/\/walo.it\/index.php\/prodotto\/s-sp\/"},"modified":"2025-12-22T11:53:45","modified_gmt":"2025-12-22T10:53:45","slug":"e-50p","status":"publish","type":"product","link":"https:\/\/walo.it\/fr\/prodotti\/lavage\/easy-fr\/lave-vaisselle-sous-table-smart-2\/e-50p\/","title":{"rendered":"E-50P"},"content":{"rendered":"<p>Lave-vaisselle sous-table, 600 assiettes\/h, double paroi, guides emboutis, surchauffeur a\u0300 pression, thermo-stop, commande e\u0301lectronique, doseur de d\u00e9tergent et de produit de rin\u00e7age, pompe d&rsquo;\u00e9vacuation<\/p>\n","protected":false},"excerpt":{"rendered":"<p>Lave-vaisselle sous-table, 600 assiettes\/h, double paroi, guides emboutis, surchauffeur a\u0300 pression, thermo-stop, commande e\u0301lectronique, doseur de d\u00e9tergent et de produit de rin\u00e7age, pompe d&rsquo;\u00e9vacuation<\/p>\n","protected":false},"featured_media":11675,"template":"","meta":[],"class_list":{"0":"post-792","1":"product","2":"type-product","3":"status-publish","4":"has-post-thumbnail","6":"product_cat-lavage","7":"product_cat-easy-fr","8":"product_cat-lave-vaisselle-sous-table-smart-2","10":"first","11":"instock","12":"product-type-simple"},"_links":{"self":[{"href":"https:\/\/walo.it\/fr\/wp-json\/wp\/v2\/product\/792","targetHints":{"allow":["GET"]}}],"collection":[{"href":"https:\/\/walo.it\/fr\/wp-json\/wp\/v2\/product"}],"about":[{"href":"https:\/\/walo.it\/fr\/wp-json\/wp\/v2\/types\/product"}],"wp:featuredmedia":[{"embeddable":true,"href":"https:\/\/walo.it\/fr\/wp-json\/wp\/v2\/media\/11675"}],"wp:attachment":[{"href":"https:\/\/walo.it\/fr\/wp-json\/wp\/v2\/media?parent=792"}],"curies":[{"name":"wp","href":"https:\/\/api.w.org\/{rel}","templated":true}]}}