{"id":796,"date":"2018-03-08T10:41:07","date_gmt":"2018-02-18T14:26:20","guid":{"rendered":"https:\/\/walo.it\/index.php\/prodotto\/s-bp40m\/"},"modified":"2025-12-22T11:11:10","modified_gmt":"2025-12-22T10:11:10","slug":"e-40","status":"publish","type":"product","link":"https:\/\/walo.it\/fr\/prodotti\/lavage\/easy-fr\/lave-verres-smart-2\/e-40\/","title":{"rendered":"E-40"},"content":{"rendered":"<p>Lave-verres, 20 casiers\/h, double paroi, guides emboutis, surchauffeur a\u0300 pression, thermo-stop, commande e\u0301lectrome\u0301canique, doseur<br \/>\nde d\u00e9tergent et de produit de rin\u00e7age, pompe d&rsquo;\u00e9vacuation.<\/p>\n","protected":false},"excerpt":{"rendered":"<p>Lave-verres, 20 casiers\/h, double paroi, guides emboutis, surchauffeur a\u0300 pression, thermo-stop, commande e\u0301lectrome\u0301canique, doseur de d\u00e9tergent et de produit de rin\u00e7age, pompe d&rsquo;\u00e9vacuation.<\/p>\n","protected":false},"featured_media":11687,"template":"","meta":[],"class_list":{"0":"post-796","1":"product","2":"type-product","3":"status-publish","4":"has-post-thumbnail","6":"product_cat-lavage","7":"product_cat-easy-fr","8":"product_cat-lave-verres-smart-2","10":"first","11":"instock","12":"product-type-simple"},"_links":{"self":[{"href":"https:\/\/walo.it\/fr\/wp-json\/wp\/v2\/product\/796","targetHints":{"allow":["GET"]}}],"collection":[{"href":"https:\/\/walo.it\/fr\/wp-json\/wp\/v2\/product"}],"about":[{"href":"https:\/\/walo.it\/fr\/wp-json\/wp\/v2\/types\/product"}],"wp:featuredmedia":[{"embeddable":true,"href":"https:\/\/walo.it\/fr\/wp-json\/wp\/v2\/media\/11687"}],"wp:attachment":[{"href":"https:\/\/walo.it\/fr\/wp-json\/wp\/v2\/media?parent=796"}],"curies":[{"name":"wp","href":"https:\/\/api.w.org\/{rel}","templated":true}]}}