{"id":802,"date":"2018-02-18T15:23:56","date_gmt":"2018-02-18T14:26:20","guid":{"rendered":"https:\/\/walo.it\/index.php\/prodotto\/c150p\/"},"modified":"2019-03-27T16:05:25","modified_gmt":"2019-03-27T15:05:25","slug":"c150p","status":"publish","type":"product","link":"https:\/\/walo.it\/fr\/prodotti\/traitement-de-leau\/osmose-inversee\/colibri-fr\/c150p\/","title":{"rendered":"C150P"},"content":{"rendered":"<p>Production de 150 l\/h, 1 vase d&rsquo;expansion de 12 litres \u00e0 5 bars. Compos\u00e9e de 3 zones techniques distinctes (compartiment hydraulique fonctionnel, compartiment frontal d&rsquo;inspection, panneau commande et composants \u00e9lectriques), membranes amovibles \u00e0 l&rsquo;avant avec vaisseau en acier inoxydable, filtre \u00e0 charbon actif inclus, touche by-pass pour le fonctionnement avec l&rsquo;eau du r\u00e9seau hydrique g\u00e9n\u00e9ral, robinet m\u00e9langeur.<\/p>\n","protected":false},"excerpt":{"rendered":"<p>Production de 150 l\/h, 1 vase d&rsquo;expansion de 12 litres \u00e0 5 bars. Compos\u00e9e de 3 zones techniques distinctes (compartiment hydraulique fonctionnel, compartiment frontal d&rsquo;inspection, panneau commande et composants \u00e9lectriques),&#8230;<\/p>\n","protected":false},"featured_media":6094,"template":"","meta":[],"class_list":{"0":"post-802","1":"product","2":"type-product","3":"status-publish","4":"has-post-thumbnail","6":"product_cat-traitement-de-leau","7":"product_cat-osmose-inversee","8":"product_cat-colibri-fr","10":"first","11":"instock","12":"product-type-simple"},"_links":{"self":[{"href":"https:\/\/walo.it\/fr\/wp-json\/wp\/v2\/product\/802","targetHints":{"allow":["GET"]}}],"collection":[{"href":"https:\/\/walo.it\/fr\/wp-json\/wp\/v2\/product"}],"about":[{"href":"https:\/\/walo.it\/fr\/wp-json\/wp\/v2\/types\/product"}],"wp:featuredmedia":[{"embeddable":true,"href":"https:\/\/walo.it\/fr\/wp-json\/wp\/v2\/media\/6094"}],"wp:attachment":[{"href":"https:\/\/walo.it\/fr\/wp-json\/wp\/v2\/media?parent=802"}],"curies":[{"name":"wp","href":"https:\/\/api.w.org\/{rel}","templated":true}]}}